{"id":3584,"date":"2024-07-30T15:17:11","date_gmt":"2024-07-30T19:17:11","guid":{"rendered":"https:\/\/ewpinc.co\/?page_id=3584"},"modified":"2024-08-02T12:10:40","modified_gmt":"2024-08-02T16:10:40","slug":"ecostruct-fire-lvl-beams","status":"publish","type":"page","link":"https:\/\/ewpinc.co\/es\/ecostruct-fire-lvl-beams\/","title":{"rendered":"EcoStruct Fire LVL Beams"},"content":{"rendered":"<div data-elementor-type=\"wp-page\" data-elementor-id=\"3584\" class=\"elementor elementor-3584\">\n\t\t\t\t<div class=\"elementor-element elementor-element-a0a2c93 e-flex e-con-boxed e-con e-parent\" data-id=\"a0a2c93\" data-element_type=\"container\" data-e-type=\"container\">\n\t\t\t\t\t<div class=\"e-con-inner\">\n\t\t\t\t<div class=\"elementor-element elementor-element-88b990d elementor-widget elementor-widget-heading\" data-id=\"88b990d\" data-element_type=\"widget\" data-e-type=\"widget\" data-widget_type=\"heading.default\">\n\t\t\t\t<div class=\"elementor-widget-container\">\n\t\t\t\t\t<h2 class=\"elementor-heading-title elementor-size-default\">EcoStruct Fire LVL Beam<\/h2>\t\t\t\t<\/div>\n\t\t\t\t<\/div>\n\t\t\t\t\t<\/div>\n\t\t\t\t<\/div>\n\t\t<div class=\"elementor-element elementor-element-65e16ae e-flex e-con-boxed e-con e-parent\" data-id=\"65e16ae\" data-element_type=\"container\" data-e-type=\"container\">\n\t\t\t\t\t<div class=\"e-con-inner\">\n\t\t\t\t<div class=\"elementor-element elementor-element-63eea62 elementor-widget elementor-widget-spacer\" data-id=\"63eea62\" data-element_type=\"widget\" data-e-type=\"widget\" data-widget_type=\"spacer.default\">\n\t\t\t\t<div class=\"elementor-widget-container\">\n\t\t\t\t\t\t\t<div class=\"elementor-spacer\">\n\t\t\t<div class=\"elementor-spacer-inner\"><\/div>\n\t\t<\/div>\n\t\t\t\t\t\t<\/div>\n\t\t\t\t<\/div>\n\t\t\t\t\t<\/div>\n\t\t\t\t<\/div>\n\t\t<div class=\"elementor-element elementor-element-1b00363 e-flex e-con-boxed e-con e-parent\" data-id=\"1b00363\" data-element_type=\"container\" data-e-type=\"container\">\n\t\t\t\t\t<div class=\"e-con-inner\">\n\t\t\t\t<div class=\"elementor-element elementor-element-0c63366 elementor-widget elementor-widget-text-editor\" data-id=\"0c63366\" data-element_type=\"widget\" data-e-type=\"widget\" data-widget_type=\"text-editor.default\">\n\t\t\t\t<div class=\"elementor-widget-container\">\n\t\t\t\t\t\t\t\t\t<strong><span style=\"color: red;\">EcoStruct Fire LVL\u00a0 Beams<\/span> from Engineered Wood Products Inc. offer unmatched strength and durability and bring flame resistance to a brand new level. Made from layers of FSC-certified timber veneers and advanced adhesives, they meet the highest industry standards. With an <span style=\"color:red;\">ASTM E-84 Class A rating<\/span>, these beams provide superior fire resistance, ensuring safety and compliance.<\/strong>\t\t\t\t\t\t\t\t<\/div>\n\t\t\t\t<\/div>\n\t\t\t\t\t<\/div>\n\t\t\t\t<\/div>\n\t\t<div class=\"elementor-element elementor-element-572e6a7 e-flex e-con-boxed e-con e-parent\" data-id=\"572e6a7\" data-element_type=\"container\" data-e-type=\"container\">\n\t\t\t\t\t<div class=\"e-con-inner\">\n\t\t\t\t<div class=\"elementor-element elementor-element-c05c79f elementor-widget elementor-widget-button\" data-id=\"c05c79f\" data-element_type=\"widget\" data-e-type=\"widget\" data-widget_type=\"button.default\">\n\t\t\t\t<div class=\"elementor-widget-container\">\n\t\t\t\t\t\t\t\t\t<div class=\"elementor-button-wrapper\">\n\t\t\t\t\t<a class=\"elementor-button elementor-button-link elementor-size-sm\" href=\"https:\/\/ewpinc.co\/wp-content\/uploads\/2024\/08\/EWP-EcoStruct-Fire-Beams-Data-Card-1.pdf\" target=\"_blank\">\n\t\t\t\t\t\t<span class=\"elementor-button-content-wrapper\">\n\t\t\t\t\t\t<span class=\"elementor-button-icon\">\n\t\t\t\t<i aria-hidden=\"true\" class=\"fab fa-readme\"><\/i>\t\t\t<\/span>\n\t\t\t\t\t\t\t\t\t<span class=\"elementor-button-text\">EcoStruct Fire Beam Data Card<\/span>\n\t\t\t\t\t<\/span>\n\t\t\t\t\t<\/a>\n\t\t\t\t<\/div>\n\t\t\t\t\t\t\t\t<\/div>\n\t\t\t\t<\/div>\n\t\t\t\t\t<\/div>\n\t\t\t\t<\/div>\n\t\t<div class=\"elementor-element elementor-element-ea64f34 e-flex e-con-boxed e-con e-parent\" data-id=\"ea64f34\" data-element_type=\"container\" data-e-type=\"container\">\n\t\t\t\t\t<div class=\"e-con-inner\">\n\t\t\t\t<div class=\"elementor-element elementor-element-6ae8c56 elementor-widget elementor-widget-image\" data-id=\"6ae8c56\" data-element_type=\"widget\" data-e-type=\"widget\" data-widget_type=\"image.default\">\n\t\t\t\t<div class=\"elementor-widget-container\">\n\t\t\t\t\t\t\t\t\t\t\t\t\t\t\t<img fetchpriority=\"high\" decoding=\"async\" data-attachment-id=\"3858\" data-permalink=\"https:\/\/ewpinc.co\/es\/ecostruct-fire-lvl-beams\/lvl-fire-beams-large-photo\/\" data-orig-file=\"https:\/\/i0.wp.com\/ewpinc.co\/wp-content\/uploads\/2024\/08\/LVL-FIRE-BEAMS-LARGE-PHOTO.png?fit=1094%2C703&amp;ssl=1\" data-orig-size=\"1094,703\" data-comments-opened=\"1\" data-image-meta=\"{&quot;aperture&quot;:&quot;0&quot;,&quot;credit&quot;:&quot;&quot;,&quot;camera&quot;:&quot;&quot;,&quot;caption&quot;:&quot;&quot;,&quot;created_timestamp&quot;:&quot;0&quot;,&quot;copyright&quot;:&quot;&quot;,&quot;focal_length&quot;:&quot;0&quot;,&quot;iso&quot;:&quot;0&quot;,&quot;shutter_speed&quot;:&quot;0&quot;,&quot;title&quot;:&quot;&quot;,&quot;orientation&quot;:&quot;0&quot;}\" data-image-title=\"EcoStruct Fire LVL Beam\" data-image-description=\"\" data-image-caption=\"\" data-large-file=\"https:\/\/i0.wp.com\/ewpinc.co\/wp-content\/uploads\/2024\/08\/LVL-FIRE-BEAMS-LARGE-PHOTO.png?fit=750%2C482&amp;ssl=1\" width=\"750\" height=\"482\" src=\"https:\/\/i0.wp.com\/ewpinc.co\/wp-content\/uploads\/2024\/08\/LVL-FIRE-BEAMS-LARGE-PHOTO.png?fit=750%2C482&amp;ssl=1\" class=\"attachment-large size-large wp-image-3858\" alt=\"EcoStruct Fire LVL Beam Large\" srcset=\"https:\/\/i0.wp.com\/ewpinc.co\/wp-content\/uploads\/2024\/08\/LVL-FIRE-BEAMS-LARGE-PHOTO.png?w=1094&amp;ssl=1 1094w, https:\/\/i0.wp.com\/ewpinc.co\/wp-content\/uploads\/2024\/08\/LVL-FIRE-BEAMS-LARGE-PHOTO.png?resize=300%2C193&amp;ssl=1 300w, https:\/\/i0.wp.com\/ewpinc.co\/wp-content\/uploads\/2024\/08\/LVL-FIRE-BEAMS-LARGE-PHOTO.png?resize=1024%2C658&amp;ssl=1 1024w, https:\/\/i0.wp.com\/ewpinc.co\/wp-content\/uploads\/2024\/08\/LVL-FIRE-BEAMS-LARGE-PHOTO.png?resize=768%2C494&amp;ssl=1 768w, https:\/\/i0.wp.com\/ewpinc.co\/wp-content\/uploads\/2024\/08\/LVL-FIRE-BEAMS-LARGE-PHOTO.png?resize=18%2C12&amp;ssl=1 18w, https:\/\/i0.wp.com\/ewpinc.co\/wp-content\/uploads\/2024\/08\/LVL-FIRE-BEAMS-LARGE-PHOTO.png?resize=181%2C116&amp;ssl=1 181w\" sizes=\"(max-width: 750px) 100vw, 750px\" \/>\t\t\t\t\t\t\t\t\t\t\t\t\t\t\t<\/div>\n\t\t\t\t<\/div>\n\t\t\t\t\t<\/div>\n\t\t\t\t<\/div>\n\t\t<div class=\"elementor-element elementor-element-df6297a e-flex e-con-boxed e-con e-parent\" data-id=\"df6297a\" data-element_type=\"container\" data-e-type=\"container\">\n\t\t\t\t\t<div class=\"e-con-inner\">\n\t\t\t\t<div class=\"elementor-element elementor-element-2d90ac2 elementor-widget elementor-widget-text-editor\" data-id=\"2d90ac2\" data-element_type=\"widget\" data-e-type=\"widget\" data-widget_type=\"text-editor.default\">\n\t\t\t\t<div class=\"elementor-widget-container\">\n\t\t\t\t\t\t\t\t\t<p><strong>Their high strength-to-weight ratio and <\/strong><strong>dimensional stability make them ideal for load-bearing <\/strong><strong>applications, while their resistance to chemicals and moisture <\/strong><strong>ensures longevity.<\/strong><\/p>\t\t\t\t\t\t\t\t<\/div>\n\t\t\t\t<\/div>\n\t\t\t\t\t<\/div>\n\t\t\t\t<\/div>\n\t\t<div class=\"elementor-element elementor-element-b87340c e-flex e-con-boxed e-con e-parent\" data-id=\"b87340c\" data-element_type=\"container\" data-e-type=\"container\">\n\t\t\t\t\t<div class=\"e-con-inner\">\n\t\t<div class=\"elementor-element elementor-element-39c7b99 e-con-full e-flex e-con e-child\" data-id=\"39c7b99\" data-element_type=\"container\" data-e-type=\"container\">\n\t\t\t\t<div class=\"elementor-element elementor-element-c44d613 elementor-widget elementor-widget-image\" data-id=\"c44d613\" data-element_type=\"widget\" data-e-type=\"widget\" data-widget_type=\"image.default\">\n\t\t\t\t<div class=\"elementor-widget-container\">\n\t\t\t\t\t\t\t\t\t\t\t\t\t\t\t<img decoding=\"async\" data-attachment-id=\"531\" data-permalink=\"https:\/\/ewpinc.co\/es\/cropped-ewp-logo-about-us-jpeg\/\" data-orig-file=\"https:\/\/i0.wp.com\/ewpinc.co\/wp-content\/uploads\/2023\/05\/cropped-EWP-Logo-About-Us.jpeg?fit=400%2C384&amp;ssl=1\" data-orig-size=\"400,384\" data-comments-opened=\"1\" data-image-meta=\"{&quot;aperture&quot;:&quot;0&quot;,&quot;credit&quot;:&quot;&quot;,&quot;camera&quot;:&quot;&quot;,&quot;caption&quot;:&quot;&quot;,&quot;created_timestamp&quot;:&quot;0&quot;,&quot;copyright&quot;:&quot;&quot;,&quot;focal_length&quot;:&quot;0&quot;,&quot;iso&quot;:&quot;0&quot;,&quot;shutter_speed&quot;:&quot;0&quot;,&quot;title&quot;:&quot;&quot;,&quot;orientation&quot;:&quot;0&quot;}\" data-image-title=\"cropped-EWP-Logo-About-Us.jpeg\" data-image-description=\"&lt;p&gt;https:\/\/ewpinc.co\/wp-content\/uploads\/2023\/05\/cropped-EWP-Logo-About-Us.jpeg&lt;\/p&gt;\" data-image-caption=\"\" data-large-file=\"https:\/\/i0.wp.com\/ewpinc.co\/wp-content\/uploads\/2023\/05\/cropped-EWP-Logo-About-Us.jpeg?fit=400%2C384&amp;ssl=1\" width=\"400\" height=\"384\" src=\"https:\/\/i0.wp.com\/ewpinc.co\/wp-content\/uploads\/2023\/05\/cropped-EWP-Logo-About-Us.jpeg?fit=400%2C384&amp;ssl=1\" class=\"attachment-large size-large wp-image-531\" alt=\"EWP Logo\" srcset=\"https:\/\/i0.wp.com\/ewpinc.co\/wp-content\/uploads\/2023\/05\/cropped-EWP-Logo-About-Us.jpeg?w=400&amp;ssl=1 400w, https:\/\/i0.wp.com\/ewpinc.co\/wp-content\/uploads\/2023\/05\/cropped-EWP-Logo-About-Us.jpeg?resize=300%2C288&amp;ssl=1 300w, https:\/\/i0.wp.com\/ewpinc.co\/wp-content\/uploads\/2023\/05\/cropped-EWP-Logo-About-Us.jpeg?resize=121%2C116&amp;ssl=1 121w\" sizes=\"(max-width: 400px) 100vw, 400px\" \/>\t\t\t\t\t\t\t\t\t\t\t\t\t\t\t<\/div>\n\t\t\t\t<\/div>\n\t\t\t\t<\/div>\n\t\t<div class=\"elementor-element elementor-element-e15202c e-con-full e-flex e-con e-child\" data-id=\"e15202c\" data-element_type=\"container\" data-e-type=\"container\">\n\t\t\t\t<div class=\"elementor-element elementor-element-276b130 elementor-widget elementor-widget-text-editor\" data-id=\"276b130\" data-element_type=\"widget\" data-e-type=\"widget\" data-widget_type=\"text-editor.default\">\n\t\t\t\t<div class=\"elementor-widget-container\">\n\t\t\t\t\t\t\t\t\t<p><strong>Nuestro enfoque en materiales de construcci\u00f3n sostenibles y productos de construcci\u00f3n ecol\u00f3gicos nos diferencia de otros proveedores. Con nuestras pruebas de laboratorio, fechas de producci\u00f3n e indicaciones de resistencia, y andamios certificados por OSHA, ofrecemos soluciones personalizadas que satisfacen las necesidades \u00fanicas de cada proyecto de construcci\u00f3n.<\/strong><\/p>\t\t\t\t\t\t\t\t<\/div>\n\t\t\t\t<\/div>\n\t\t\t\t<\/div>\n\t\t\t\t\t<\/div>\n\t\t\t\t<\/div>\n\t\t\t\t<\/div>","protected":false},"excerpt":{"rendered":"<p>EcoStruct Fire LVL Beam EcoStruct Fire LVL\u00a0 Beams from Engineered Wood Products Inc. offer unmatched strength and durability and bring flame resistance to a brand new level. Made from layers of FSC-certified timber veneers and advanced adhesives, they meet the highest industry standards. With an ASTM E-84 Class A rating, these beams provide superior fire<a class=\"more-link\" href=\"https:\/\/ewpinc.co\/es\/ecostruct-fire-lvl-beams\/\">Continue reading <span class=\"screen-reader-text\">&#8220;EcoStruct Fire LVL Beams&#8221;<\/span><\/a><\/p>","protected":false},"author":234827194,"featured_media":0,"parent":0,"menu_order":0,"comment_status":"closed","ping_status":"closed","template":"","meta":{"_crdt_document":"","footnotes":""},"class_list":["post-3584","page","type-page","status-publish","hentry","entry"],"yoast_head":"<!-- This site is optimized with the Yoast SEO plugin v27.6 - https:\/\/yoast.com\/product\/yoast-seo-wordpress\/ -->\n<title>EcoStruct Fire LVL Beams - Engineered Wood Products<\/title>\n<meta name=\"robots\" content=\"index, follow, max-snippet:-1, max-image-preview:large, max-video-preview:-1\" \/>\n<link rel=\"canonical\" href=\"https:\/\/ewpinc.co\/es\/ecostruct-fire-lvl-beams\/\" \/>\n<meta property=\"og:locale\" content=\"es_ES\" \/>\n<meta property=\"og:type\" content=\"article\" \/>\n<meta property=\"og:title\" content=\"EcoStruct Fire LVL Beams - Engineered Wood Products\" \/>\n<meta property=\"og:description\" content=\"EcoStruct Fire LVL Beam EcoStruct Fire LVL\u00a0 Beams from Engineered Wood Products Inc. offer unmatched strength and durability and bring flame resistance to a brand new level. Made from layers of FSC-certified timber veneers and advanced adhesives, they meet the highest industry standards. With an ASTM E-84 Class A rating, these beams provide superior fireContinue reading &quot;EcoStruct Fire LVL Beams&quot;\" \/>\n<meta property=\"og:url\" content=\"https:\/\/ewpinc.co\/es\/ecostruct-fire-lvl-beams\/\" \/>\n<meta property=\"og:site_name\" content=\"Engineered Wood Products\" \/>\n<meta property=\"article:publisher\" content=\"https:\/\/www.facebook.com\/profile.php?id=100093135796317\" \/>\n<meta property=\"article:modified_time\" content=\"2024-08-02T16:10:40+00:00\" \/>\n<meta property=\"og:image\" content=\"https:\/\/ewpinc.co\/wp-content\/uploads\/2024\/08\/LVL-FIRE-BEAMS-LARGE-PHOTO-1024x658.png\" \/>\n<meta name=\"twitter:card\" content=\"summary_large_image\" \/>\n<meta name=\"twitter:label1\" content=\"Tiempo de lectura\" \/>\n\t<meta name=\"twitter:data1\" content=\"1 minuto\" \/>\n<script type=\"application\/ld+json\" class=\"yoast-schema-graph\">{\"@context\":\"https:\\\/\\\/schema.org\",\"@graph\":[{\"@type\":\"WebPage\",\"@id\":\"https:\\\/\\\/ewpinc.co\\\/ecostruct-fire-lvl-beams\\\/\",\"url\":\"https:\\\/\\\/ewpinc.co\\\/ecostruct-fire-lvl-beams\\\/\",\"name\":\"EcoStruct Fire LVL Beams - Engineered Wood Products\",\"isPartOf\":{\"@id\":\"https:\\\/\\\/ewpinc.co\\\/#website\"},\"primaryImageOfPage\":{\"@id\":\"https:\\\/\\\/ewpinc.co\\\/ecostruct-fire-lvl-beams\\\/#primaryimage\"},\"image\":{\"@id\":\"https:\\\/\\\/ewpinc.co\\\/ecostruct-fire-lvl-beams\\\/#primaryimage\"},\"thumbnailUrl\":\"https:\\\/\\\/ewpinc.co\\\/wp-content\\\/uploads\\\/2024\\\/08\\\/LVL-FIRE-BEAMS-LARGE-PHOTO-1024x658.png\",\"datePublished\":\"2024-07-30T19:17:11+00:00\",\"dateModified\":\"2024-08-02T16:10:40+00:00\",\"breadcrumb\":{\"@id\":\"https:\\\/\\\/ewpinc.co\\\/ecostruct-fire-lvl-beams\\\/#breadcrumb\"},\"inLanguage\":\"es\",\"potentialAction\":[{\"@type\":\"ReadAction\",\"target\":[\"https:\\\/\\\/ewpinc.co\\\/ecostruct-fire-lvl-beams\\\/\"]}]},{\"@type\":\"ImageObject\",\"inLanguage\":\"es\",\"@id\":\"https:\\\/\\\/ewpinc.co\\\/ecostruct-fire-lvl-beams\\\/#primaryimage\",\"url\":\"https:\\\/\\\/ewpinc.co\\\/wp-content\\\/uploads\\\/2024\\\/08\\\/LVL-FIRE-BEAMS-LARGE-PHOTO-1024x658.png\",\"contentUrl\":\"https:\\\/\\\/ewpinc.co\\\/wp-content\\\/uploads\\\/2024\\\/08\\\/LVL-FIRE-BEAMS-LARGE-PHOTO-1024x658.png\"},{\"@type\":\"BreadcrumbList\",\"@id\":\"https:\\\/\\\/ewpinc.co\\\/ecostruct-fire-lvl-beams\\\/#breadcrumb\",\"itemListElement\":[{\"@type\":\"ListItem\",\"position\":1,\"name\":\"Home\",\"item\":\"https:\\\/\\\/ewpinc.co\\\/\"},{\"@type\":\"ListItem\",\"position\":2,\"name\":\"EcoStruct Fire LVL Beams\"}]},{\"@type\":\"WebSite\",\"@id\":\"https:\\\/\\\/ewpinc.co\\\/#website\",\"url\":\"https:\\\/\\\/ewpinc.co\\\/\",\"name\":\"Engineered Wood Products\",\"description\":\"\",\"publisher\":{\"@id\":\"https:\\\/\\\/ewpinc.co\\\/#organization\"},\"potentialAction\":[{\"@type\":\"SearchAction\",\"target\":{\"@type\":\"EntryPoint\",\"urlTemplate\":\"https:\\\/\\\/ewpinc.co\\\/?s={search_term_string}\"},\"query-input\":{\"@type\":\"PropertyValueSpecification\",\"valueRequired\":true,\"valueName\":\"search_term_string\"}}],\"inLanguage\":\"es\"},{\"@type\":\"Organization\",\"@id\":\"https:\\\/\\\/ewpinc.co\\\/#organization\",\"name\":\"Engineered Wood Products\",\"url\":\"https:\\\/\\\/ewpinc.co\\\/\",\"logo\":{\"@type\":\"ImageObject\",\"inLanguage\":\"es\",\"@id\":\"https:\\\/\\\/ewpinc.co\\\/#\\\/schema\\\/logo\\\/image\\\/\",\"url\":\"https:\\\/\\\/i0.wp.com\\\/ewpinc.co\\\/wp-content\\\/uploads\\\/2023\\\/05\\\/cropped-EWP-Logo-About-Us.jpeg?fit=400%2C384&ssl=1\",\"contentUrl\":\"https:\\\/\\\/i0.wp.com\\\/ewpinc.co\\\/wp-content\\\/uploads\\\/2023\\\/05\\\/cropped-EWP-Logo-About-Us.jpeg?fit=400%2C384&ssl=1\",\"width\":400,\"height\":384,\"caption\":\"Engineered Wood Products\"},\"image\":{\"@id\":\"https:\\\/\\\/ewpinc.co\\\/#\\\/schema\\\/logo\\\/image\\\/\"},\"sameAs\":[\"https:\\\/\\\/www.facebook.com\\\/profile.php?id=100093135796317\"]}]}<\/script>\n<!-- \/ Yoast SEO plugin. -->","yoast_head_json":{"title":"EcoStruct Fire LVL Beams - Engineered Wood Products","robots":{"index":"index","follow":"follow","max-snippet":"max-snippet:-1","max-image-preview":"max-image-preview:large","max-video-preview":"max-video-preview:-1"},"canonical":"https:\/\/ewpinc.co\/es\/ecostruct-fire-lvl-beams\/","og_locale":"es_ES","og_type":"article","og_title":"EcoStruct Fire LVL Beams - Engineered Wood Products","og_description":"EcoStruct Fire LVL Beam EcoStruct Fire LVL\u00a0 Beams from Engineered Wood Products Inc. offer unmatched strength and durability and bring flame resistance to a brand new level. Made from layers of FSC-certified timber veneers and advanced adhesives, they meet the highest industry standards. With an ASTM E-84 Class A rating, these beams provide superior fireContinue reading \"EcoStruct Fire LVL Beams\"","og_url":"https:\/\/ewpinc.co\/es\/ecostruct-fire-lvl-beams\/","og_site_name":"Engineered Wood Products","article_publisher":"https:\/\/www.facebook.com\/profile.php?id=100093135796317","article_modified_time":"2024-08-02T16:10:40+00:00","og_image":[{"url":"https:\/\/ewpinc.co\/wp-content\/uploads\/2024\/08\/LVL-FIRE-BEAMS-LARGE-PHOTO-1024x658.png","type":"","width":"","height":""}],"twitter_card":"summary_large_image","twitter_misc":{"Tiempo de lectura":"1 minuto"},"schema":{"@context":"https:\/\/schema.org","@graph":[{"@type":"WebPage","@id":"https:\/\/ewpinc.co\/ecostruct-fire-lvl-beams\/","url":"https:\/\/ewpinc.co\/ecostruct-fire-lvl-beams\/","name":"EcoStruct Fire LVL Beams - Engineered Wood Products","isPartOf":{"@id":"https:\/\/ewpinc.co\/#website"},"primaryImageOfPage":{"@id":"https:\/\/ewpinc.co\/ecostruct-fire-lvl-beams\/#primaryimage"},"image":{"@id":"https:\/\/ewpinc.co\/ecostruct-fire-lvl-beams\/#primaryimage"},"thumbnailUrl":"https:\/\/ewpinc.co\/wp-content\/uploads\/2024\/08\/LVL-FIRE-BEAMS-LARGE-PHOTO-1024x658.png","datePublished":"2024-07-30T19:17:11+00:00","dateModified":"2024-08-02T16:10:40+00:00","breadcrumb":{"@id":"https:\/\/ewpinc.co\/ecostruct-fire-lvl-beams\/#breadcrumb"},"inLanguage":"es","potentialAction":[{"@type":"ReadAction","target":["https:\/\/ewpinc.co\/ecostruct-fire-lvl-beams\/"]}]},{"@type":"ImageObject","inLanguage":"es","@id":"https:\/\/ewpinc.co\/ecostruct-fire-lvl-beams\/#primaryimage","url":"https:\/\/ewpinc.co\/wp-content\/uploads\/2024\/08\/LVL-FIRE-BEAMS-LARGE-PHOTO-1024x658.png","contentUrl":"https:\/\/ewpinc.co\/wp-content\/uploads\/2024\/08\/LVL-FIRE-BEAMS-LARGE-PHOTO-1024x658.png"},{"@type":"BreadcrumbList","@id":"https:\/\/ewpinc.co\/ecostruct-fire-lvl-beams\/#breadcrumb","itemListElement":[{"@type":"ListItem","position":1,"name":"Home","item":"https:\/\/ewpinc.co\/"},{"@type":"ListItem","position":2,"name":"EcoStruct Fire LVL Beams"}]},{"@type":"WebSite","@id":"https:\/\/ewpinc.co\/#website","url":"https:\/\/ewpinc.co\/","name":"Engineered Wood Products","description":"","publisher":{"@id":"https:\/\/ewpinc.co\/#organization"},"potentialAction":[{"@type":"SearchAction","target":{"@type":"EntryPoint","urlTemplate":"https:\/\/ewpinc.co\/?s={search_term_string}"},"query-input":{"@type":"PropertyValueSpecification","valueRequired":true,"valueName":"search_term_string"}}],"inLanguage":"es"},{"@type":"Organization","@id":"https:\/\/ewpinc.co\/#organization","name":"Engineered Wood Products","url":"https:\/\/ewpinc.co\/","logo":{"@type":"ImageObject","inLanguage":"es","@id":"https:\/\/ewpinc.co\/#\/schema\/logo\/image\/","url":"https:\/\/i0.wp.com\/ewpinc.co\/wp-content\/uploads\/2023\/05\/cropped-EWP-Logo-About-Us.jpeg?fit=400%2C384&ssl=1","contentUrl":"https:\/\/i0.wp.com\/ewpinc.co\/wp-content\/uploads\/2023\/05\/cropped-EWP-Logo-About-Us.jpeg?fit=400%2C384&ssl=1","width":400,"height":384,"caption":"Engineered Wood Products"},"image":{"@id":"https:\/\/ewpinc.co\/#\/schema\/logo\/image\/"},"sameAs":["https:\/\/www.facebook.com\/profile.php?id=100093135796317"]}]}},"jetpack_likes_enabled":true,"jetpack_sharing_enabled":true,"jetpack_shortlink":"https:\/\/wp.me\/PeN1Yr-VO","jetpack-related-posts":[],"_links":{"self":[{"href":"https:\/\/ewpinc.co\/es\/wp-json\/wp\/v2\/pages\/3584","targetHints":{"allow":["GET"]}}],"collection":[{"href":"https:\/\/ewpinc.co\/es\/wp-json\/wp\/v2\/pages"}],"about":[{"href":"https:\/\/ewpinc.co\/es\/wp-json\/wp\/v2\/types\/page"}],"author":[{"embeddable":true,"href":"https:\/\/ewpinc.co\/es\/wp-json\/wp\/v2\/users\/234827194"}],"replies":[{"embeddable":true,"href":"https:\/\/ewpinc.co\/es\/wp-json\/wp\/v2\/comments?post=3584"}],"version-history":[{"count":44,"href":"https:\/\/ewpinc.co\/es\/wp-json\/wp\/v2\/pages\/3584\/revisions"}],"predecessor-version":[{"id":3915,"href":"https:\/\/ewpinc.co\/es\/wp-json\/wp\/v2\/pages\/3584\/revisions\/3915"}],"wp:attachment":[{"href":"https:\/\/ewpinc.co\/es\/wp-json\/wp\/v2\/media?parent=3584"}],"curies":[{"name":"wp","href":"https:\/\/api.w.org\/{rel}","templated":true}]}}